{"id":13597,"date":"2026-04-07T14:26:37","date_gmt":"2026-04-07T14:26:37","guid":{"rendered":"https:\/\/fleamarketman.shop\/?post_type=product&#038;p=13597"},"modified":"2026-04-07T14:28:43","modified_gmt":"2026-04-07T14:28:43","slug":"recipientes-de-cristal-para-alimentos-24-piezas-12-recipientes-y-12-tapas-apto-lavavajillas","status":"publish","type":"product","link":"https:\/\/fleamarketman.shop\/es\/producto\/recipientes-de-cristal-para-alimentos-24-piezas-12-recipientes-y-12-tapas-apto-lavavajillas\/","title":{"rendered":"Recipientes de Cristal Para Alimentos &#8211; 24 Piezas (12 recipientes y 12 tapas) &#8211; Apto lavavajillas"},"content":{"rendered":"<p><img loading=\"lazy\" decoding=\"async\" width=\"970\" height=\"600\" src=\"https:\/\/teal-lobster-750471.hostingersite.com\/wp-content\/uploads\/2026\/01\/1a39d6c8-0d7b-4314-8c06-3051d6a4bb74.__CR00970600_PT0_SX970_V1___.jpg\" alt=\"\" srcset=\"https:\/\/teal-lobster-750471.hostingersite.com\/wp-content\/uploads\/2026\/01\/1a39d6c8-0d7b-4314-8c06-3051d6a4bb74.__CR00970600_PT0_SX970_V1___.jpg 970w, https:\/\/teal-lobster-750471.hostingersite.com\/wp-content\/uploads\/2026\/01\/1a39d6c8-0d7b-4314-8c06-3051d6a4bb74.__CR00970600_PT0_SX970_V1___-300x186.jpg 300w, https:\/\/teal-lobster-750471.hostingersite.com\/wp-content\/uploads\/2026\/01\/1a39d6c8-0d7b-4314-8c06-3051d6a4bb74.__CR00970600_PT0_SX970_V1___-768x475.jpg 768w, https:\/\/teal-lobster-750471.hostingersite.com\/wp-content\/uploads\/2026\/01\/1a39d6c8-0d7b-4314-8c06-3051d6a4bb74.__CR00970600_PT0_SX970_V1___-18x12.jpg 18w, https:\/\/teal-lobster-750471.hostingersite.com\/wp-content\/uploads\/2026\/01\/1a39d6c8-0d7b-4314-8c06-3051d6a4bb74.__CR00970600_PT0_SX970_V1___-600x371.jpg 600w, https:\/\/teal-lobster-750471.hostingersite.com\/wp-content\/uploads\/2026\/01\/1a39d6c8-0d7b-4314-8c06-3051d6a4bb74.__CR00970600_PT0_SX970_V1___-1x1.jpg 1w, https:\/\/teal-lobster-750471.hostingersite.com\/wp-content\/uploads\/2026\/01\/1a39d6c8-0d7b-4314-8c06-3051d6a4bb74.__CR00970600_PT0_SX970_V1___-10x6.jpg 10w\" sizes=\"auto, (max-width: 970px) 100vw, 970px\" \/>\t\t\t\t\t\t\t\t\t\t\t\t\t\t\t<\/p>\n<ul>\n<li>\n<h6>Multiusos: incluye 5 recipientes grandes de 32 onzas y 5 recipientes peque\u00f1os de 12 onzas para opciones de almacenamiento vers\u00e1tiles. Ideal para preparar comidas, sobras y almacenar varios alimentos para su uso en la cocina, la oficina o sobre la marcha.<\/h6>\n<\/li>\n<li>\n<h6>Dise\u00f1o de cierre a presi\u00f3n: Las tapas extra\u00edbles permiten un cierre f\u00e1cil y seguro de los contenedores y garantizan un almacenamiento a prueba de fugas y una f\u00e1cil limpieza.<\/h6>\n<\/li>\n<li>\n<h6>DURABILIDAD Y LONGABILIDAD: Apto para horno (sin tapa) para recalentar o cocinar alimentos directamente en el recipiente. Apto para microondas (sin tapa) para un calentamiento r\u00e1pido y c\u00f3modo. Apto para lavavajillas para una limpieza y comodidad sin esfuerzo.<\/h6>\n<\/li>\n<li>\n<h6>FRESCA Y CONSERVACI\u00d3N: Los recipientes de almacenamiento de preparaci\u00f3n de comidas mantienen los alimentos frescos y sabrosos, ayudando a reducir el desperdicio y ahorrar dinero. Apto para congelador, lo que te permite almacenar sobras o comidas preparadas a granel.<\/h6>\n<\/li>\n<li>\n<h6>Servicio al Cliente Confiable: Si no est\u00e1 completamente satisfecho, no dude en CONTACTARNOS.<\/h6>\n<\/li>\n<\/ul>\n<p>\t\t\t\t\t\t\t\t\t\t\t\t\t\t\t<img loading=\"lazy\" decoding=\"async\" width=\"970\" height=\"600\" src=\"https:\/\/teal-lobster-750471.hostingersite.com\/wp-content\/uploads\/2026\/01\/35a466ed-f6a3-4fe3-923f-5fc1f1ca8505.__CR00970600_PT0_SX970_V1___-2.jpg\" alt=\"\" srcset=\"https:\/\/teal-lobster-750471.hostingersite.com\/wp-content\/uploads\/2026\/01\/35a466ed-f6a3-4fe3-923f-5fc1f1ca8505.__CR00970600_PT0_SX970_V1___-2.jpg 970w, https:\/\/teal-lobster-750471.hostingersite.com\/wp-content\/uploads\/2026\/01\/35a466ed-f6a3-4fe3-923f-5fc1f1ca8505.__CR00970600_PT0_SX970_V1___-2-300x186.jpg 300w, https:\/\/teal-lobster-750471.hostingersite.com\/wp-content\/uploads\/2026\/01\/35a466ed-f6a3-4fe3-923f-5fc1f1ca8505.__CR00970600_PT0_SX970_V1___-2-768x475.jpg 768w, https:\/\/teal-lobster-750471.hostingersite.com\/wp-content\/uploads\/2026\/01\/35a466ed-f6a3-4fe3-923f-5fc1f1ca8505.__CR00970600_PT0_SX970_V1___-2-18x12.jpg 18w, https:\/\/teal-lobster-750471.hostingersite.com\/wp-content\/uploads\/2026\/01\/35a466ed-f6a3-4fe3-923f-5fc1f1ca8505.__CR00970600_PT0_SX970_V1___-2-600x371.jpg 600w, https:\/\/teal-lobster-750471.hostingersite.com\/wp-content\/uploads\/2026\/01\/35a466ed-f6a3-4fe3-923f-5fc1f1ca8505.__CR00970600_PT0_SX970_V1___-2-1x1.jpg 1w, https:\/\/teal-lobster-750471.hostingersite.com\/wp-content\/uploads\/2026\/01\/35a466ed-f6a3-4fe3-923f-5fc1f1ca8505.__CR00970600_PT0_SX970_V1___-2-10x6.jpg 10w\" sizes=\"auto, (max-width: 970px) 100vw, 970px\" \/><br \/>\n\t\t\t\t\t\t\t\t\t\t\t\t\t\t\t<img loading=\"lazy\" decoding=\"async\" width=\"970\" height=\"600\" src=\"https:\/\/teal-lobster-750471.hostingersite.com\/wp-content\/uploads\/2026\/01\/06540ce3-2f8f-4430-b39c-440b5b4bd830.__CR00970600_PT0_SX970_V1___-1.jpg\" alt=\"\" srcset=\"https:\/\/teal-lobster-750471.hostingersite.com\/wp-content\/uploads\/2026\/01\/06540ce3-2f8f-4430-b39c-440b5b4bd830.__CR00970600_PT0_SX970_V1___-1.jpg 970w, https:\/\/teal-lobster-750471.hostingersite.com\/wp-content\/uploads\/2026\/01\/06540ce3-2f8f-4430-b39c-440b5b4bd830.__CR00970600_PT0_SX970_V1___-1-300x186.jpg 300w, https:\/\/teal-lobster-750471.hostingersite.com\/wp-content\/uploads\/2026\/01\/06540ce3-2f8f-4430-b39c-440b5b4bd830.__CR00970600_PT0_SX970_V1___-1-768x475.jpg 768w, https:\/\/teal-lobster-750471.hostingersite.com\/wp-content\/uploads\/2026\/01\/06540ce3-2f8f-4430-b39c-440b5b4bd830.__CR00970600_PT0_SX970_V1___-1-18x12.jpg 18w, https:\/\/teal-lobster-750471.hostingersite.com\/wp-content\/uploads\/2026\/01\/06540ce3-2f8f-4430-b39c-440b5b4bd830.__CR00970600_PT0_SX970_V1___-1-600x371.jpg 600w, https:\/\/teal-lobster-750471.hostingersite.com\/wp-content\/uploads\/2026\/01\/06540ce3-2f8f-4430-b39c-440b5b4bd830.__CR00970600_PT0_SX970_V1___-1-1x1.jpg 1w, https:\/\/teal-lobster-750471.hostingersite.com\/wp-content\/uploads\/2026\/01\/06540ce3-2f8f-4430-b39c-440b5b4bd830.__CR00970600_PT0_SX970_V1___-1-10x6.jpg 10w\" sizes=\"auto, (max-width: 970px) 100vw, 970px\" \/><br \/>\n\t\t\t\t\t\t\t\t\t\t\t\t\t\t\t<img loading=\"lazy\" decoding=\"async\" width=\"970\" height=\"600\" src=\"https:\/\/teal-lobster-750471.hostingersite.com\/wp-content\/uploads\/2026\/01\/53208fd5-6ecd-429e-bda7-f18b8a99976a.__CR00970600_PT0_SX970_V1___.jpg\" alt=\"\" srcset=\"https:\/\/teal-lobster-750471.hostingersite.com\/wp-content\/uploads\/2026\/01\/53208fd5-6ecd-429e-bda7-f18b8a99976a.__CR00970600_PT0_SX970_V1___.jpg 970w, https:\/\/teal-lobster-750471.hostingersite.com\/wp-content\/uploads\/2026\/01\/53208fd5-6ecd-429e-bda7-f18b8a99976a.__CR00970600_PT0_SX970_V1___-300x186.jpg 300w, https:\/\/teal-lobster-750471.hostingersite.com\/wp-content\/uploads\/2026\/01\/53208fd5-6ecd-429e-bda7-f18b8a99976a.__CR00970600_PT0_SX970_V1___-768x475.jpg 768w, https:\/\/teal-lobster-750471.hostingersite.com\/wp-content\/uploads\/2026\/01\/53208fd5-6ecd-429e-bda7-f18b8a99976a.__CR00970600_PT0_SX970_V1___-18x12.jpg 18w, https:\/\/teal-lobster-750471.hostingersite.com\/wp-content\/uploads\/2026\/01\/53208fd5-6ecd-429e-bda7-f18b8a99976a.__CR00970600_PT0_SX970_V1___-600x371.jpg 600w, https:\/\/teal-lobster-750471.hostingersite.com\/wp-content\/uploads\/2026\/01\/53208fd5-6ecd-429e-bda7-f18b8a99976a.__CR00970600_PT0_SX970_V1___-1x1.jpg 1w, https:\/\/teal-lobster-750471.hostingersite.com\/wp-content\/uploads\/2026\/01\/53208fd5-6ecd-429e-bda7-f18b8a99976a.__CR00970600_PT0_SX970_V1___-10x6.jpg 10w\" sizes=\"auto, (max-width: 970px) 100vw, 970px\" \/><br \/>\n\t\t\t\t\t\t\t\t\t\t\t\t\t\t\t<img loading=\"lazy\" decoding=\"async\" width=\"970\" height=\"600\" src=\"https:\/\/teal-lobster-750471.hostingersite.com\/wp-content\/uploads\/2026\/01\/bbe26023-309e-4a85-bd7b-3a2634e438d8.__CR00970600_PT0_SX970_V1___.jpg\" alt=\"\" srcset=\"https:\/\/teal-lobster-750471.hostingersite.com\/wp-content\/uploads\/2026\/01\/bbe26023-309e-4a85-bd7b-3a2634e438d8.__CR00970600_PT0_SX970_V1___.jpg 970w, https:\/\/teal-lobster-750471.hostingersite.com\/wp-content\/uploads\/2026\/01\/bbe26023-309e-4a85-bd7b-3a2634e438d8.__CR00970600_PT0_SX970_V1___-300x186.jpg 300w, https:\/\/teal-lobster-750471.hostingersite.com\/wp-content\/uploads\/2026\/01\/bbe26023-309e-4a85-bd7b-3a2634e438d8.__CR00970600_PT0_SX970_V1___-768x475.jpg 768w, https:\/\/teal-lobster-750471.hostingersite.com\/wp-content\/uploads\/2026\/01\/bbe26023-309e-4a85-bd7b-3a2634e438d8.__CR00970600_PT0_SX970_V1___-18x12.jpg 18w, https:\/\/teal-lobster-750471.hostingersite.com\/wp-content\/uploads\/2026\/01\/bbe26023-309e-4a85-bd7b-3a2634e438d8.__CR00970600_PT0_SX970_V1___-600x371.jpg 600w, https:\/\/teal-lobster-750471.hostingersite.com\/wp-content\/uploads\/2026\/01\/bbe26023-309e-4a85-bd7b-3a2634e438d8.__CR00970600_PT0_SX970_V1___-1x1.jpg 1w, https:\/\/teal-lobster-750471.hostingersite.com\/wp-content\/uploads\/2026\/01\/bbe26023-309e-4a85-bd7b-3a2634e438d8.__CR00970600_PT0_SX970_V1___-10x6.jpg 10w\" sizes=\"auto, (max-width: 970px) 100vw, 970px\" \/><br \/>\n\t\t\t\t\t\t\t\t\t\t\t\t\t\t\t<img loading=\"lazy\" decoding=\"async\" width=\"970\" height=\"600\" src=\"https:\/\/teal-lobster-750471.hostingersite.com\/wp-content\/uploads\/2026\/01\/cb091129-c131-4411-aca4-a47c51933371.__CR038120001237_PT0_SX970_V1___.jpg\" alt=\"\" srcset=\"https:\/\/teal-lobster-750471.hostingersite.com\/wp-content\/uploads\/2026\/01\/cb091129-c131-4411-aca4-a47c51933371.__CR038120001237_PT0_SX970_V1___.jpg 970w, https:\/\/teal-lobster-750471.hostingersite.com\/wp-content\/uploads\/2026\/01\/cb091129-c131-4411-aca4-a47c51933371.__CR038120001237_PT0_SX970_V1___-300x186.jpg 300w, https:\/\/teal-lobster-750471.hostingersite.com\/wp-content\/uploads\/2026\/01\/cb091129-c131-4411-aca4-a47c51933371.__CR038120001237_PT0_SX970_V1___-768x475.jpg 768w, https:\/\/teal-lobster-750471.hostingersite.com\/wp-content\/uploads\/2026\/01\/cb091129-c131-4411-aca4-a47c51933371.__CR038120001237_PT0_SX970_V1___-18x12.jpg 18w, https:\/\/teal-lobster-750471.hostingersite.com\/wp-content\/uploads\/2026\/01\/cb091129-c131-4411-aca4-a47c51933371.__CR038120001237_PT0_SX970_V1___-600x371.jpg 600w, https:\/\/teal-lobster-750471.hostingersite.com\/wp-content\/uploads\/2026\/01\/cb091129-c131-4411-aca4-a47c51933371.__CR038120001237_PT0_SX970_V1___-1x1.jpg 1w, https:\/\/teal-lobster-750471.hostingersite.com\/wp-content\/uploads\/2026\/01\/cb091129-c131-4411-aca4-a47c51933371.__CR038120001237_PT0_SX970_V1___-10x6.jpg 10w\" sizes=\"auto, (max-width: 970px) 100vw, 970px\" \/><br \/>\n\t\t\t\t\t\t\t\t\t\t\t\t\t\t\t<img loading=\"lazy\" decoding=\"async\" width=\"970\" height=\"600\" src=\"https:\/\/teal-lobster-750471.hostingersite.com\/wp-content\/uploads\/2026\/01\/de6b088b-387b-477b-9691-4cc21174a5d4.__CR00970600_PT0_SX970_V1___-1.jpg\" alt=\"\" srcset=\"https:\/\/teal-lobster-750471.hostingersite.com\/wp-content\/uploads\/2026\/01\/de6b088b-387b-477b-9691-4cc21174a5d4.__CR00970600_PT0_SX970_V1___-1.jpg 970w, https:\/\/teal-lobster-750471.hostingersite.com\/wp-content\/uploads\/2026\/01\/de6b088b-387b-477b-9691-4cc21174a5d4.__CR00970600_PT0_SX970_V1___-1-300x186.jpg 300w, https:\/\/teal-lobster-750471.hostingersite.com\/wp-content\/uploads\/2026\/01\/de6b088b-387b-477b-9691-4cc21174a5d4.__CR00970600_PT0_SX970_V1___-1-768x475.jpg 768w, https:\/\/teal-lobster-750471.hostingersite.com\/wp-content\/uploads\/2026\/01\/de6b088b-387b-477b-9691-4cc21174a5d4.__CR00970600_PT0_SX970_V1___-1-18x12.jpg 18w, https:\/\/teal-lobster-750471.hostingersite.com\/wp-content\/uploads\/2026\/01\/de6b088b-387b-477b-9691-4cc21174a5d4.__CR00970600_PT0_SX970_V1___-1-600x371.jpg 600w, https:\/\/teal-lobster-750471.hostingersite.com\/wp-content\/uploads\/2026\/01\/de6b088b-387b-477b-9691-4cc21174a5d4.__CR00970600_PT0_SX970_V1___-1-1x1.jpg 1w, https:\/\/teal-lobster-750471.hostingersite.com\/wp-content\/uploads\/2026\/01\/de6b088b-387b-477b-9691-4cc21174a5d4.__CR00970600_PT0_SX970_V1___-1-10x6.jpg 10w\" sizes=\"auto, (max-width: 970px) 100vw, 970px\" \/><br \/>\n\t\t Especificaciones t\u00e9cnicas<br \/>\n    Usos Recomendados Para Producto<br \/>\n    Alimentos secos, Bocadillos, Comidas, Ensalada, Fruta, Pan, Pastel, Postre, Sopa, S\u00e1ndwiches, Vegetal<br \/>\n    Caracter\u00edsticas especiales<br \/>\n    Herm\u00e9tico<br \/>\n    Tipo de cierre<br \/>\n    Abatible<br \/>\n    Se puede lavar en el lavaplatos<br \/>\n    S\u00ed<br \/>\n    Peso del art\u00edculo<br \/>\n    5,83 Kilogramos<br \/>\n    Instrucciones de cuidado del producto<br \/>\n    Apto para el lavavajillas<br \/>\n    N\u00famero de unidades<br \/>\n    12.0 Conteo<br \/>\n    Apto para uso en microondas<br \/>\n    No<br \/>\n    Forma del producto<br \/>\n    Lidded containers (assorted shapes)<br \/>\n    Fabricante<br \/>\n    GLASSWARE<br \/>\n    N\u00famero de art\u00edculos<br \/>\n    12<br \/>\n    Nombre del conjunto<br \/>\n    Set de preparaci\u00f3n de comidas de 12 piezas<br \/>\n    Talla<br \/>\n    14.76 Inches<br \/>\n    Dimensiones del producto<br \/>\n    14,76 x 11,4 x 7,6 pulgadas<br \/>\n    N\u00famero de modelo del producto<br \/>\n    12-PLUM<br \/>\n    Tama\u00f1o<br \/>\n    14.76 Inches<br \/>\n    Componentes incluidos<br \/>\n    Funda.<br \/>\n    \u00bfSe necesitan bater\u00edas?<br \/>\n    No<\/p>\n<style>\n.specs-table {\n  width: 100%;\n  border-top: 1px solid #000;\n}\n.spec-row {\n  display: flex;\n  border-bottom: 1px solid #000;\n  padding: 12px 0;\n}\n.spec-label {\n  flex: 1;\n  font-weight: bold;\n  min-width: 200px;\n  padding-right: 20px;\n}\n.spec-value {\n  flex: 1;\n  min-width: 200px;\n}\n<\/style>\n<p>\t\t\t\t\t\t\t\t\t\t\t\t\t\t\t<img loading=\"lazy\" decoding=\"async\" width=\"300\" height=\"300\" src=\"https:\/\/teal-lobster-750471.hostingersite.com\/wp-content\/uploads\/2026\/01\/cc3d83de-b336-43ba-889b-18f28301c6a9.__CR0020002000_PT0_SX300_V1___.jpg\" alt=\"\" srcset=\"https:\/\/teal-lobster-750471.hostingersite.com\/wp-content\/uploads\/2026\/01\/cc3d83de-b336-43ba-889b-18f28301c6a9.__CR0020002000_PT0_SX300_V1___.jpg 300w, https:\/\/teal-lobster-750471.hostingersite.com\/wp-content\/uploads\/2026\/01\/cc3d83de-b336-43ba-889b-18f28301c6a9.__CR0020002000_PT0_SX300_V1___-150x150.jpg 150w, https:\/\/teal-lobster-750471.hostingersite.com\/wp-content\/uploads\/2026\/01\/cc3d83de-b336-43ba-889b-18f28301c6a9.__CR0020002000_PT0_SX300_V1___-12x12.jpg 12w, https:\/\/teal-lobster-750471.hostingersite.com\/wp-content\/uploads\/2026\/01\/cc3d83de-b336-43ba-889b-18f28301c6a9.__CR0020002000_PT0_SX300_V1___-100x100.jpg 100w, https:\/\/teal-lobster-750471.hostingersite.com\/wp-content\/uploads\/2026\/01\/cc3d83de-b336-43ba-889b-18f28301c6a9.__CR0020002000_PT0_SX300_V1___-50x50.jpg 50w, https:\/\/teal-lobster-750471.hostingersite.com\/wp-content\/uploads\/2026\/01\/cc3d83de-b336-43ba-889b-18f28301c6a9.__CR0020002000_PT0_SX300_V1___-1x1.jpg 1w, https:\/\/teal-lobster-750471.hostingersite.com\/wp-content\/uploads\/2026\/01\/cc3d83de-b336-43ba-889b-18f28301c6a9.__CR0020002000_PT0_SX300_V1___-10x10.jpg 10w\" sizes=\"auto, (max-width: 300px) 100vw, 300px\" \/>\t\t\t\t\t\t\t\t\t\t\t\t\t\t\t<\/p>\n<h4>Microondas (no las tapas), apto para congelador<\/h4>\n<p>Nuestros recipientes de almacenamiento de vidrio est\u00e1n hechos de vidrio de borosilicato de alta calidad, que son aptos para microondas, puedes utilizarlos para almacenamiento en congelador, microondas (no las tapas) y lavavajillas.<\/p>","protected":false},"excerpt":{"rendered":"<p>Multiusos: incluye 5 recipientes grandes de 32 onzas y 5 recipientes peque\u00f1os de 12 onzas para opciones de almacenamiento vers\u00e1tiles&#8230;.<\/p>","protected":false},"featured_media":13602,"comment_status":"open","ping_status":"closed","template":"","meta":{"_acf_changed":false},"etheme_brands":[],"product_brand":[],"product_cat":[128],"product_tag":[],"class_list":{"0":"post-13597","1":"product","2":"type-product","3":"status-publish","4":"has-post-thumbnail","6":"product_cat-chen","8":"first","9":"instock","10":"sale","11":"shipping-taxable","12":"purchasable","13":"product-type-variable","14":"wvs-archive-product-wrapper"},"acf":[],"_links":{"self":[{"href":"https:\/\/fleamarketman.shop\/es\/wp-json\/wp\/v2\/product\/13597","targetHints":{"allow":["GET"]}}],"collection":[{"href":"https:\/\/fleamarketman.shop\/es\/wp-json\/wp\/v2\/product"}],"about":[{"href":"https:\/\/fleamarketman.shop\/es\/wp-json\/wp\/v2\/types\/product"}],"replies":[{"embeddable":true,"href":"https:\/\/fleamarketman.shop\/es\/wp-json\/wp\/v2\/comments?post=13597"}],"version-history":[{"count":1,"href":"https:\/\/fleamarketman.shop\/es\/wp-json\/wp\/v2\/product\/13597\/revisions"}],"predecessor-version":[{"id":13603,"href":"https:\/\/fleamarketman.shop\/es\/wp-json\/wp\/v2\/product\/13597\/revisions\/13603"}],"wp:featuredmedia":[{"embeddable":true,"href":"https:\/\/fleamarketman.shop\/es\/wp-json\/wp\/v2\/media\/13602"}],"wp:attachment":[{"href":"https:\/\/fleamarketman.shop\/es\/wp-json\/wp\/v2\/media?parent=13597"}],"wp:term":[{"taxonomy":"brand","embeddable":true,"href":"https:\/\/fleamarketman.shop\/es\/wp-json\/wp\/v2\/etheme_brands?post=13597"},{"taxonomy":"product_brand","embeddable":true,"href":"https:\/\/fleamarketman.shop\/es\/wp-json\/wp\/v2\/product_brand?post=13597"},{"taxonomy":"product_cat","embeddable":true,"href":"https:\/\/fleamarketman.shop\/es\/wp-json\/wp\/v2\/product_cat?post=13597"},{"taxonomy":"product_tag","embeddable":true,"href":"https:\/\/fleamarketman.shop\/es\/wp-json\/wp\/v2\/product_tag?post=13597"}],"curies":[{"name":"wp","href":"https:\/\/api.w.org\/{rel}","templated":true}]}}